{"id":371244,"date":"2022-06-08T01:56:34","date_gmt":"2022-07-28T14:09:53","guid":{"rendered":"https:\/\/dev.tendancefruit.ch\/boutique\/uncategorized\/24-bottles-of-250ml\/"},"modified":"2022-07-28T16:54:28","modified_gmt":"2022-07-28T14:54:28","slug":"24-bottles-of-250ml","status":"publish","type":"product","link":"https:\/\/dev.tendancefruit.ch\/en\/shop\/fruit-juice-limited-edition\/24-bottles-of-250ml\/","title":{"rendered":"24 bottles of 250ml"},"content":{"rendered":"<p>[et_pb_section fb_built=&#8221;1&#8243; admin_label=&#8221;Product Section&#8221; _builder_version=&#8221;4.17.3&#8243; width=&#8221;100%&#8221; max_width=&#8221;100%&#8221; custom_padding=&#8221;0px||||false|false&#8221; saved_tabs=&#8221;all&#8221; locked=&#8221;off&#8221; collapsed=&#8221;off&#8221; global_colors_info=&#8221;{}&#8221;][et_pb_row column_structure=&#8221;2_5,3_5&#8243; admin_label=&#8221;Product Information&#8221; _builder_version=&#8221;4.17.3&#8243; background_size=&#8221;initial&#8221; background_position=&#8221;top_left&#8221; background_repeat=&#8221;repeat&#8221; width=&#8221;71%&#8221; max_width=&#8221;90%&#8221; custom_padding=&#8221;0px||3px||false|false&#8221; locked=&#8221;off&#8221; global_colors_info=&#8221;{}&#8221;][et_pb_column type=&#8221;2_5&#8243; _builder_version=&#8221;4.16&#8243; custom_padding=&#8221;|||&#8221; global_colors_info=&#8221;{}&#8221; custom_padding__hover=&#8221;|||&#8221;][et_pb_wc_title _builder_version=&#8221;4.17.3&#8243; header_font=&#8221;San Miguel||||||||&#8221; header_text_align=&#8221;center&#8221; header_text_color=&#8221;#1F3B36&#8243; global_colors_info=&#8221;{}&#8221;][\/et_pb_wc_title][et_pb_wc_images _builder_version=&#8221;4.16&#8243; global_colors_info=&#8221;{}&#8221;][\/et_pb_wc_images][\/et_pb_column][et_pb_column type=&#8221;3_5&#8243; _builder_version=&#8221;4.16&#8243; custom_padding=&#8221;|||&#8221; global_colors_info=&#8221;{}&#8221; custom_padding__hover=&#8221;|||&#8221;][et_pb_wc_description _builder_version=&#8221;4.17.3&#8243; _module_preset=&#8221;default&#8221; body_font=&#8221;ABeeZee|600|||||||&#8221; body_text_color=&#8221;#1F3B36&#8243; text_orientation=&#8221;center&#8221; global_colors_info=&#8221;{}&#8221;][\/et_pb_wc_description][et_pb_wc_rating show_reviews_link=&#8221;off&#8221; _builder_version=&#8221;4.16&#8243; rating_text_color=&#8221;#D6AF26&#8243; global_colors_info=&#8221;{}&#8221;][\/et_pb_wc_rating][et_pb_wc_description description_type=&#8221;description&#8221; _builder_version=&#8221;4.17.4&#8243; body_font=&#8221;ABeeZee||||||||&#8221; body_text_color=&#8221;#13614F&#8221; body_font_size=&#8221;15px&#8221; global_colors_info=&#8221;{}&#8221;][\/et_pb_wc_description][et_pb_wc_price _builder_version=&#8221;4.17.4&#8243; _module_preset=&#8221;default&#8221; body_font=&#8221;ABeeZee||||||||&#8221; body_text_color=&#8221;#1F3B36&#8243; global_colors_info=&#8221;{}&#8221;][\/et_pb_wc_price][et_pb_wc_add_to_cart field_label_position=&#8221;inline&#8221; _builder_version=&#8221;4.17.3&#8243; field_label_font=&#8221;ABeeZee|700|||||||&#8221; field_label_text_color=&#8221;#13614F&#8221; custom_button=&#8221;on&#8221; button_text_color=&#8221;#F7F3EA&#8221; button_bg_color=&#8221;#13614F&#8221; button_border_width=&#8221;0px&#8221; button_border_radius=&#8221;7px&#8221; button_icon=&#8221;&#xf291;||fa||900&#8243; button_on_hover=&#8221;off&#8221; locked=&#8221;off&#8221; global_colors_info=&#8221;{}&#8221; button_bg_color__hover_enabled=&#8221;on|desktop&#8221; button_bg_color__hover=&#8221;#1F3B36&#8243; button_bg_enable_color__hover=&#8221;on&#8221; button_text_color__hover_enabled=&#8221;on|hover&#8221; button_text_color__hover=&#8221;#F7F3EA&#8221;][\/et_pb_wc_add_to_cart][\/et_pb_column][\/et_pb_row][\/et_pb_section][et_pb_section fb_built=&#8221;1&#8243; prev_background_color=&#8221;#000000&#8243; admin_label=&#8221;Carte SliderRev&#8221; _builder_version=&#8221;4.17.3&#8243; _module_preset=&#8221;default&#8221; custom_padding=&#8221;||1px|||&#8221; top_divider_style=&#8221;wave2&#8243; top_divider_height=&#8221;69px&#8221; global_module=&#8221;369922&#8243; saved_tabs=&#8221;all&#8221; locked=&#8221;off&#8221; collapsed=&#8221;on&#8221; global_colors_info=&#8221;{}&#8221;][et_pb_row _builder_version=&#8221;4.16&#8243; _module_preset=&#8221;default&#8221; global_colors_info=&#8221;{}&#8221;][et_pb_column type=&#8221;4_4&#8243; _builder_version=&#8221;4.16&#8243; _module_preset=&#8221;default&#8221; global_colors_info=&#8221;{}&#8221;][revslider_divi revslider_divi=&#8221;%91rev_slider alias=%22slider-3%22 slidertitle=%22Slider 3%22%93%91\/rev_slider%93&#8243; _builder_version=&#8221;4.16.1&#8243; _module_preset=&#8221;default&#8221; global_colors_info=&#8221;{}&#8221;][\/revslider_divi][\/et_pb_column][\/et_pb_row][\/et_pb_section][et_pb_section fb_built=&#8221;1&#8243; admin_label=&#8221;Our Clients Section&#8221; _builder_version=&#8221;4.17.4&#8243; _module_preset=&#8221;default&#8221; custom_padding=&#8221;3px||6px|||&#8221; global_module=&#8221;370375&#8243; saved_tabs=&#8221;all&#8221; locked=&#8221;off&#8221; collapsed=&#8221;off&#8221; global_colors_info=&#8221;{}&#8221;][et_pb_row _builder_version=&#8221;4.16&#8243; _module_preset=&#8221;default&#8221; width=&#8221;90%&#8221; max_width=&#8221;90%&#8221; module_alignment=&#8221;center&#8221; custom_padding=&#8221;53px|||||&#8221; global_colors_info=&#8221;{}&#8221;][et_pb_column type=&#8221;4_4&#8243; _builder_version=&#8221;4.16&#8243; _module_preset=&#8221;default&#8221; global_colors_info=&#8221;{}&#8221;][et_pb_text _builder_version=&#8221;4.17.4&#8243; _module_preset=&#8221;default&#8221; text_font=&#8221;san-miguel|600||on|||||&#8221; text_text_color=&#8221;#13614F&#8221; text_orientation=&#8221;center&#8221; custom_padding=&#8221;4px||||false|false&#8221; global_colors_info=&#8221;{}&#8221;]<\/p>\n<p>OUR CUSTOMERS<\/p>\n<p>[\/et_pb_text][et_pb_text _builder_version=&#8221;4.17.4&#8243; _module_preset=&#8221;default&#8221; text_font=&#8221;san-miguel|500|||||||&#8221; text_text_color=&#8221;#1F3B36&#8243; text_font_size=&#8221;2.2em&#8221; text_orientation=&#8221;center&#8221; text_font_size_tablet=&#8221;&#8221; text_font_size_phone=&#8221;2em&#8221; text_font_size_last_edited=&#8221;on|phone&#8221; text_line_height_tablet=&#8221;&#8221; text_line_height_phone=&#8221;1.1em&#8221; text_line_height_last_edited=&#8221;on|phone&#8221; global_colors_info=&#8221;{}&#8221;]<\/p>\n<p>They trust us<\/p>\n<p>[\/et_pb_text][et_pb_code _builder_version=&#8221;4.17.3&#8243; _module_preset=&#8221;default&#8221; module_alignment=&#8221;center&#8221; custom_margin=&#8221;||10px||false|false&#8221; global_colors_info=&#8221;{}&#8221;]<div class=\"ti-widget ti-goog\" data-layout-id=\"4\" data-set-id=\"light-minimal\" data-pid=\"b5167179c03e50ec942cb\" data-pager-autoplay-timeout=\"6\" > <div class=\"ti-widget-container ti-col-3\"> <div class=\"ti-reviews-container\"> <div class=\"ti-controls\"> <div class=\"ti-next\"><\/div> <div class=\"ti-prev\"><\/div> <\/div> <div class=\"ti-reviews-container-wrapper\">  <div data-empty=\"0\" class=\"ti-review-item source-Google\" > <div class=\"ti-inner\"> <div class=\"ti-review-header\"> <div class=\"ti-profile-img\"> <img decoding=\"async\" src=\"https:\/\/lh3.googleusercontent.com\/a\/AGNmyxY7cqiWz2fBfavFX3Hhp6dIkzPtpgZNJHinBcfY=s120-c-c-rp-w64-h64-mo-br100\" alt=\"Yanyun Lu\" \/> <\/div> <div class=\"ti-profile-details\"> <div class=\"ti-name\"> Yanyun Lu <\/div> <div class=\"ti-date\">D\u00e9cembre 16, 2022.<\/div> <\/div> <\/div> <span class=\"ti-stars\"><span class=\"ti-star f\"><\/span><span class=\"ti-star f\"><\/span><span class=\"ti-star f\"><\/span><span class=\"ti-star f\"><\/span><span class=\"ti-star f\"><\/span><\/span> <div class=\"ti-review-content\"><!-- R-CONTENT -->Les produits sont toujours en bonne qualit\u00e9, et le service aussi ! M\u00eame si des fois on ne commande pas dans le bon horaire, mais on nous livre toujours !  Merci pour toute l\u2019\u00e9quipe ( maru sushi) \ud83d\ude0d\ud83d\ude0d<!-- R-CONTENT --><\/div> <span class=\"ti-read-more\" data-container=\".ti-review-content\" data-collapse-text=\"Cacher\" data-open-text=\"Lire la suite\"><\/span> <\/div> <\/div>  <div data-empty=\"1\" class=\"ti-review-item source-Google\" > <div class=\"ti-inner\"> <div class=\"ti-review-header\"> <div class=\"ti-profile-img\"> <img decoding=\"async\" src=\"https:\/\/lh3.googleusercontent.com\/a-\/ACB-R5T3N_rYY58Id1ZFru4LIPSe3RIl7AiTFlsbsstW=s120-c-c-rp-w64-h64-mo-br100\" alt=\"Amedeo Lai\" \/> <\/div> <div class=\"ti-profile-details\"> <div class=\"ti-name\"> Amedeo Lai <\/div> <div class=\"ti-date\">Novembre 17, 2022.<\/div> <\/div> <\/div> <span class=\"ti-stars\"><span class=\"ti-star f\"><\/span><span class=\"ti-star f\"><\/span><span class=\"ti-star f\"><\/span><span class=\"ti-star f\"><\/span><span class=\"ti-star f\"><\/span><\/span> <div class=\"ti-review-content\"><!-- R-CONTENT --><!-- R-CONTENT --><\/div> <span class=\"ti-read-more\" data-container=\".ti-review-content\" data-collapse-text=\"Cacher\" data-open-text=\"Lire la suite\"><\/span> <\/div> <\/div>  <div data-empty=\"0\" class=\"ti-review-item source-Google\" > <div class=\"ti-inner\"> <div class=\"ti-review-header\"> <div class=\"ti-profile-img\"> <img decoding=\"async\" src=\"https:\/\/lh3.googleusercontent.com\/a-\/ACB-R5SUO1UI3KJicsIYCnoUvH92htbyWEKRfkH5BaQ1gg=s120-c-c-rp-w64-h64-mo-br100\" alt=\"Antonio Babo\" \/> <\/div> <div class=\"ti-profile-details\"> <div class=\"ti-name\"> Antonio Babo <\/div> <div class=\"ti-date\">Septembre 16, 2022.<\/div> <\/div> <\/div> <span class=\"ti-stars\"><span class=\"ti-star f\"><\/span><span class=\"ti-star f\"><\/span><span class=\"ti-star f\"><\/span><span class=\"ti-star f\"><\/span><span class=\"ti-star f\"><\/span><\/span> <div class=\"ti-review-content\"><!-- R-CONTENT -->Simplement exceptionnel. Merci<!-- R-CONTENT --><\/div> <span class=\"ti-read-more\" data-container=\".ti-review-content\" data-collapse-text=\"Cacher\" data-open-text=\"Lire la suite\"><\/span> <\/div> <\/div>  <div data-empty=\"0\" class=\"ti-review-item source-Google\" > <div class=\"ti-inner\"> <div class=\"ti-review-header\"> <div class=\"ti-profile-img\"> <img decoding=\"async\" src=\"https:\/\/lh3.googleusercontent.com\/a-\/ACB-R5SthJg85KhpNfglDKYcTR-7z3gxF5PKuPEkcY0ArA=s120-c-c-rp-w64-h64-mo-ba4-br100\" alt=\"Emanuel Sales\" \/> <\/div> <div class=\"ti-profile-details\"> <div class=\"ti-name\"> Emanuel Sales <\/div> <div class=\"ti-date\">Juillet 19, 2022.<\/div> <\/div> <\/div> <span class=\"ti-stars\"><span class=\"ti-star f\"><\/span><span class=\"ti-star f\"><\/span><span class=\"ti-star f\"><\/span><span class=\"ti-star f\"><\/span><span class=\"ti-star f\"><\/span><\/span> <div class=\"ti-review-content\"><!-- R-CONTENT -->Excelente qualit\u00e9 de produits est la sympathie tiptop<!-- R-CONTENT --><\/div> <span class=\"ti-read-more\" data-container=\".ti-review-content\" data-collapse-text=\"Cacher\" data-open-text=\"Lire la suite\"><\/span> <\/div> <\/div>  <div data-empty=\"0\" class=\"ti-review-item source-Google\" > <div class=\"ti-inner\"> <div class=\"ti-review-header\"> <div class=\"ti-profile-img\"> <img decoding=\"async\" src=\"https:\/\/lh3.googleusercontent.com\/a-\/ACB-R5RWBjzfXj9VTrULUtnR94CZPDUfM4_5W0xGIZZk7A=s120-c-c-rp-w64-h64-mo-br100\" alt=\"Franck Fournier\" \/> <\/div> <div class=\"ti-profile-details\"> <div class=\"ti-name\"> Franck Fournier <\/div> <div class=\"ti-date\">Juin 29, 2022.<\/div> <\/div> <\/div> <span class=\"ti-stars\"><span class=\"ti-star f\"><\/span><span class=\"ti-star f\"><\/span><span class=\"ti-star f\"><\/span><span class=\"ti-star f\"><\/span><span class=\"ti-star f\"><\/span><\/span> <div class=\"ti-review-content\"><!-- R-CONTENT -->Des jus de fruits frais d\u00e9licieux. Cela change des boissons industrielles ! Je les recommande.<!-- R-CONTENT --><\/div> <span class=\"ti-read-more\" data-container=\".ti-review-content\" data-collapse-text=\"Cacher\" data-open-text=\"Lire la suite\"><\/span> <\/div> <\/div>  <div data-empty=\"0\" class=\"ti-review-item source-Google\" > <div class=\"ti-inner\"> <div class=\"ti-review-header\"> <div class=\"ti-profile-img\"> <img decoding=\"async\" src=\"https:\/\/lh3.googleusercontent.com\/a\/AGNmyxbOLrzXkl4PDmeh891gzRwyqHBvzoJVKTUFEvXv=s120-c-c-rp-w64-h64-mo-br100\" alt=\"Liliane Cabrejas\" \/> <\/div> <div class=\"ti-profile-details\"> <div class=\"ti-name\"> Liliane Cabrejas <\/div> <div class=\"ti-date\">Juin 13, 2022.<\/div> <\/div> <\/div> <span class=\"ti-stars\"><span class=\"ti-star f\"><\/span><span class=\"ti-star f\"><\/span><span class=\"ti-star f\"><\/span><span class=\"ti-star f\"><\/span><span class=\"ti-star f\"><\/span><\/span> <div class=\"ti-review-content\"><!-- R-CONTENT -->J'ai eu la chance de recevoir en cadeau le panier Gourmet. Il \u00e9tait d\u00e9licieux ! Les fruits sont frais et vraiment m\u00fbrs \u00e0 point. La confiture \u00e9tait d\u00e9licieuse et les jus : un r\u00e9gal ! Je vous recommande les paniers Tendance Fruit, c'est un cadeau qui m'a r\u00e9ellement ravie et que j'ai pu partager avec mes proches !<!-- R-CONTENT --><\/div> <span class=\"ti-read-more\" data-container=\".ti-review-content\" data-collapse-text=\"Cacher\" data-open-text=\"Lire la suite\"><\/span> <\/div> <\/div>  <div data-empty=\"0\" class=\"ti-review-item source-Google\" > <div class=\"ti-inner\"> <div class=\"ti-review-header\"> <div class=\"ti-profile-img\"> <img decoding=\"async\" src=\"https:\/\/lh3.googleusercontent.com\/a\/AGNmyxbTSGnydwK9QRQHd9aRU2LF6MfV0lNNyTSXh0Su=s120-c-c-rp-w64-h64-mo-br100\" alt=\"Hilaire Schabel\" \/> <\/div> <div class=\"ti-profile-details\"> <div class=\"ti-name\"> Hilaire Schabel <\/div> <div class=\"ti-date\">Juin 1, 2022.<\/div> <\/div> <\/div> <span class=\"ti-stars\"><span class=\"ti-star f\"><\/span><span class=\"ti-star f\"><\/span><span class=\"ti-star f\"><\/span><span class=\"ti-star f\"><\/span><span class=\"ti-star f\"><\/span><\/span> <div class=\"ti-review-content\"><!-- R-CONTENT -->Tr\u00e8s bon service, je recommande !<!-- R-CONTENT --><\/div> <span class=\"ti-read-more\" data-container=\".ti-review-content\" data-collapse-text=\"Cacher\" data-open-text=\"Lire la suite\"><\/span> <\/div> <\/div>  <div data-empty=\"0\" class=\"ti-review-item source-Google\" > <div class=\"ti-inner\"> <div class=\"ti-review-header\"> <div class=\"ti-profile-img\"> <img decoding=\"async\" src=\"https:\/\/lh3.googleusercontent.com\/a-\/ACB-R5QxKhVwHHyPBxfYZVx_zYgfBWcKUvelsIvpo-VE=s120-c-c-rp-w64-h64-mo-br100\" alt=\"Iconia Group\" \/> <\/div> <div class=\"ti-profile-details\"> <div class=\"ti-name\"> Iconia Group <\/div> <div class=\"ti-date\">Mai 23, 2022.<\/div> <\/div> <\/div> <span class=\"ti-stars\"><span class=\"ti-star f\"><\/span><span class=\"ti-star f\"><\/span><span class=\"ti-star f\"><\/span><span class=\"ti-star f\"><\/span><span class=\"ti-star f\"><\/span><\/span> <div class=\"ti-review-content\"><!-- R-CONTENT -->Des produits frais et un service \u00e0 l'\u00e9coute. Je recommande vivement Tendance Fruit SA pour vos paniers de fruits au bureau.<!-- R-CONTENT --><\/div> <span class=\"ti-read-more\" data-container=\".ti-review-content\" data-collapse-text=\"Cacher\" data-open-text=\"Lire la suite\"><\/span> <\/div> <\/div>  <div data-empty=\"0\" class=\"ti-review-item source-Google\" > <div class=\"ti-inner\"> <div class=\"ti-review-header\"> <div class=\"ti-profile-img\"> <img decoding=\"async\" src=\"https:\/\/lh3.googleusercontent.com\/a-\/ACB-R5Qu-LtCqxRckZTq8sVJStycgUeGecj9wVQgOGWi=s120-c-c-rp-w64-h64-mo-ba4-br100\" alt=\"Jess Purple G\" \/> <\/div> <div class=\"ti-profile-details\"> <div class=\"ti-name\"> Jess Purple G <\/div> <div class=\"ti-date\">Mai 23, 2022.<\/div> <\/div> <\/div> <span class=\"ti-stars\"><span class=\"ti-star f\"><\/span><span class=\"ti-star f\"><\/span><span class=\"ti-star f\"><\/span><span class=\"ti-star f\"><\/span><span class=\"ti-star f\"><\/span><\/span> <div class=\"ti-review-content\"><!-- R-CONTENT -->Super service ! Paniers de fruits vari\u00e9s et bons, fruits secs excellents et sans parler du personnel qui est genial. Je recommande !<!-- R-CONTENT --><\/div> <span class=\"ti-read-more\" data-container=\".ti-review-content\" data-collapse-text=\"Cacher\" data-open-text=\"Lire la suite\"><\/span> <\/div> <\/div>  <div data-empty=\"0\" class=\"ti-review-item source-Google\" > <div class=\"ti-inner\"> <div class=\"ti-review-header\"> <div class=\"ti-profile-img\"> <img decoding=\"async\" src=\"https:\/\/lh3.googleusercontent.com\/a-\/ACB-R5QO-Y-d_l_e33elmoazcapTzM0vW7Pd8iGQjpPGWg=s120-c-c-rp-w64-h64-mo-br100\" alt=\"Eva\" \/> <\/div> <div class=\"ti-profile-details\"> <div class=\"ti-name\"> Eva <\/div> <div class=\"ti-date\">Avril 22, 2022.<\/div> <\/div> <\/div> <span class=\"ti-stars\"><span class=\"ti-star f\"><\/span><span class=\"ti-star f\"><\/span><span class=\"ti-star f\"><\/span><span class=\"ti-star f\"><\/span><span class=\"ti-star f\"><\/span><\/span> <div class=\"ti-review-content\"><!-- R-CONTENT -->Excellent service ! Le panier \u00e9tait magnifique!<!-- R-CONTENT --><\/div> <span class=\"ti-read-more\" data-container=\".ti-review-content\" data-collapse-text=\"Cacher\" data-open-text=\"Lire la suite\"><\/span> <\/div> <\/div>  <\/div> <div class=\"ti-controls-dots\"> <div class=\"dot active\"><\/div> <\/div> <\/div> <div class=\"ti-footer\">  <\/div> <\/div> <\/div>[\/et_pb_code][lwp_image_carousel gallery_ids=&#8221;3881,3884,3887,3890,3893,3896,3899,3902,370619&#8243; slides_show=&#8221;5&#8243; slides_scroll=&#8221;2&#8243; show_dots=&#8221;off&#8221; show_arrows=&#8221;off&#8221; autoplay_animation=&#8221;on&#8221; arrow_color=&#8221;#1C6743&#8243; dots_color=&#8221;#1C6743&#8243; layout=&#8221;center&#8221; _builder_version=&#8221;4.17.4&#8243; _module_preset=&#8221;default&#8221; custom_css_image=&#8221;width:80%;&#8221; global_colors_info=&#8221;{}&#8221;][\/lwp_image_carousel][et_pb_code _builder_version=&#8221;4.16&#8243; _module_preset=&#8221;default&#8221; global_colors_info=&#8221;{}&#8221;]\r\n<div id=\"sb_instagram\"  class=\"sbi sbi_mob_col_1 sbi_tab_col_2 sbi_col_6 sbi_width_resp\" style=\"padding-bottom: 10px;\" data-feedid=\"*2\"  data-res=\"auto\" data-cols=\"6\" data-colsmobile=\"1\" data-colstablet=\"2\" data-num=\"6\" data-nummobile=\"3\" data-shortcode-atts=\"{&quot;feed&quot;:&quot;2&quot;,&quot;cachetime&quot;:30}\"  data-postid=\"371244\" data-locatornonce=\"835aaec704\" data-sbi-flags=\"favorLocal\">\r\n\t\r\n    <div id=\"sbi_images\"  style=\"padding: 5px;\">\r\n\t\t    <\/div>\r\n\r\n\t<div id=\"sbi_load\" >\r\n\r\n\t\r\n\t\r\n<\/div>\r\n\r\n\t    <span class=\"sbi_resized_image_data\" data-feed-id=\"*2\" data-resized=\"[]\">\n\t<\/span>\n\t<\/div>\r\n\r\n[\/et_pb_code][\/et_pb_column][\/et_pb_row][\/et_pb_section]<\/p>\n","protected":false},"excerpt":{"rendered":"<p style=\"font-weight: 400;\"><strong>Limited edition!<\/strong><\/p>\n<p style=\"font-weight: 400;\">Unique on the market, our juices and nectars made in Switzerland, from fresh exotic fruits of superior quality, offer consumers original and exotic flavours.<\/p>\n<p>Our exotic fruit juices (pineapple and exotic mix) are a real concentrate of vitamins and flavours.<\/p>\n<p>The gourmet and original recipes of our nectars feature tropical fruits such as mango, papaya, mini banana and lime.<\/p>\n<p style=\"font-weight: 400;\">The juices are made from fresh fruit only, with no added sugar, no concentrate, no additives and no preservatives.<\/p>\n<p style=\"font-weight: 400;\">The nectars, without preservatives, additives or concentrates, contain almost 80% fresh fruit, little water and very little added sugar.<\/p>\n","protected":false},"featured_media":370289,"template":"","meta":{"_et_pb_use_builder":"on","_et_pb_old_content":"","_et_gb_content_width":"","_monsterinsights_skip_tracking":false,"_monsterinsights_sitenote_active":false,"_monsterinsights_sitenote_note":"","_monsterinsights_sitenote_category":0},"product_cat":[289],"product_tag":[],"bundled_by":[],"bundle_stock_status":"instock","bundle_stock_quantity":null,"bundle_virtual":false,"bundle_layout":"","bundle_add_to_cart_form_location":"","bundle_editable_in_cart":false,"bundle_sold_individually_context":"","bundle_item_grouping":"","bundle_min_size":"","bundle_max_size":"","bundled_items":[],"bundle_sell_ids":[],"aioseo_notices":[],"_links":{"self":[{"href":"https:\/\/dev.tendancefruit.ch\/en\/wp-json\/wp\/v2\/product\/371244"}],"collection":[{"href":"https:\/\/dev.tendancefruit.ch\/en\/wp-json\/wp\/v2\/product"}],"about":[{"href":"https:\/\/dev.tendancefruit.ch\/en\/wp-json\/wp\/v2\/types\/product"}],"wp:featuredmedia":[{"embeddable":true,"href":"https:\/\/dev.tendancefruit.ch\/en\/wp-json\/wp\/v2\/media\/370289"}],"wp:attachment":[{"href":"https:\/\/dev.tendancefruit.ch\/en\/wp-json\/wp\/v2\/media?parent=371244"}],"wp:term":[{"taxonomy":"product_cat","embeddable":true,"href":"https:\/\/dev.tendancefruit.ch\/en\/wp-json\/wp\/v2\/product_cat?post=371244"},{"taxonomy":"product_tag","embeddable":true,"href":"https:\/\/dev.tendancefruit.ch\/en\/wp-json\/wp\/v2\/product_tag?post=371244"}],"curies":[{"name":"wp","href":"https:\/\/api.w.org\/{rel}","templated":true}]}}