{"id":371266,"date":"2022-06-08T01:14:47","date_gmt":"2022-07-28T15:01:32","guid":{"rendered":"https:\/\/dev.tendancefruit.ch\/boutique\/uncategorized\/gift-vouchers\/"},"modified":"2022-07-28T17:01:51","modified_gmt":"2022-07-28T15:01:51","slug":"gift-vouchers","status":"publish","type":"product","link":"https:\/\/dev.tendancefruit.ch\/en\/shop\/gift-coupon\/gift-vouchers\/","title":{"rendered":"Gift vouchers"},"content":{"rendered":"<p>[et_pb_section fb_built=&#8221;1&#8243; admin_label=&#8221;Product Section&#8221; _builder_version=&#8221;4.17.3&#8243; width=&#8221;100%&#8221; max_width=&#8221;100%&#8221; custom_padding=&#8221;0px||||false|false&#8221; global_module=&#8221;370006&#8243; saved_tabs=&#8221;all&#8221; locked=&#8221;off&#8221; collapsed=&#8221;off&#8221; global_colors_info=&#8221;{}&#8221;][et_pb_row column_structure=&#8221;2_5,3_5&#8243; admin_label=&#8221;Product Information&#8221; _builder_version=&#8221;4.17.5&#8243; background_size=&#8221;initial&#8221; background_position=&#8221;top_left&#8221; background_repeat=&#8221;repeat&#8221; max_width=&#8221;90%&#8221; custom_padding=&#8221;0px||3px||false|false&#8221; locked=&#8221;off&#8221; global_colors_info=&#8221;{}&#8221;][et_pb_column type=&#8221;2_5&#8243; _builder_version=&#8221;4.16&#8243; custom_padding=&#8221;|||&#8221; global_colors_info=&#8221;{}&#8221; custom_padding__hover=&#8221;|||&#8221;][et_pb_wc_title _builder_version=&#8221;4.17.4&#8243; header_font=&#8221;san-miguel||||||||&#8221; header_text_align=&#8221;center&#8221; header_text_color=&#8221;#1F3B36&#8243; global_colors_info=&#8221;{}&#8221;][\/et_pb_wc_title][et_pb_wc_images _builder_version=&#8221;4.16&#8243; global_colors_info=&#8221;{}&#8221;][\/et_pb_wc_images][\/et_pb_column][et_pb_column type=&#8221;3_5&#8243; _builder_version=&#8221;4.16&#8243; custom_padding=&#8221;|||&#8221; global_colors_info=&#8221;{}&#8221; custom_padding__hover=&#8221;|||&#8221;][et_pb_wc_description _builder_version=&#8221;4.17.3&#8243; _module_preset=&#8221;default&#8221; body_font=&#8221;ABeeZee|600|||||||&#8221; body_text_color=&#8221;#1F3B36&#8243; text_orientation=&#8221;center&#8221; global_colors_info=&#8221;{}&#8221;][\/et_pb_wc_description][et_pb_wc_rating show_reviews_link=&#8221;off&#8221; _builder_version=&#8221;4.16&#8243; rating_text_color=&#8221;#D6AF26&#8243; global_colors_info=&#8221;{}&#8221;][\/et_pb_wc_rating][et_pb_wc_description description_type=&#8221;description&#8221; _builder_version=&#8221;4.17.4&#8243; body_font=&#8221;ABeeZee||||||||&#8221; body_text_color=&#8221;#13614F&#8221; body_font_size=&#8221;15px&#8221; global_colors_info=&#8221;{}&#8221;][\/et_pb_wc_description][et_pb_wc_add_to_cart field_label_position=&#8221;inline&#8221; _builder_version=&#8221;4.17.4&#8243; field_label_font=&#8221;ABeeZee|700|||||||&#8221; field_label_text_color=&#8221;#13614F&#8221; dropdown_menus_font=&#8221;ABeeZee||||||||&#8221; custom_button=&#8221;on&#8221; button_text_color=&#8221;#F7F3EA&#8221; button_bg_color=&#8221;#13614F&#8221; button_border_width=&#8221;0px&#8221; button_border_radius=&#8221;7px&#8221; button_font=&#8221;san-miguel||||||||&#8221; button_icon=&#8221;&#xf291;||fa||900&#8243; button_on_hover=&#8221;off&#8221; locked=&#8221;off&#8221; global_colors_info=&#8221;{}&#8221; button_bg_color__hover_enabled=&#8221;on|desktop&#8221; button_bg_color__hover=&#8221;#1F3B36&#8243; button_bg_enable_color__hover=&#8221;on&#8221; button_text_color__hover_enabled=&#8221;on|hover&#8221; button_text_color__hover=&#8221;#F7F3EA&#8221;][\/et_pb_wc_add_to_cart][\/et_pb_column][\/et_pb_row][\/et_pb_section]<\/p>\n","protected":false},"excerpt":{"rendered":"","protected":false},"featured_media":370221,"template":"","meta":{"_et_pb_use_builder":"on","_et_pb_old_content":"Vous souhaitez faire plaisir \u00e0 vos proches et\/ou \u00e0 vos collaborateurs, mais vous \u00eates \u00e0 court d\u2019id\u00e9e ? Offrez-leur un bon cadeau Tendance Fruit et la libert\u00e9 de choisir l\u2019un de nos abonnements, paniers de fruits ou l\u2019une de nos offres traiteur !","_et_gb_content_width":"","_monsterinsights_skip_tracking":false,"_monsterinsights_sitenote_active":false,"_monsterinsights_sitenote_note":"","_monsterinsights_sitenote_category":0},"product_cat":[288],"product_tag":[],"bundled_by":[],"bundle_stock_status":"instock","bundle_stock_quantity":null,"bundle_virtual":false,"bundle_layout":"","bundle_add_to_cart_form_location":"","bundle_editable_in_cart":false,"bundle_sold_individually_context":"","bundle_item_grouping":"","bundle_min_size":"","bundle_max_size":"","bundled_items":[],"bundle_sell_ids":[],"aioseo_notices":[],"_links":{"self":[{"href":"https:\/\/dev.tendancefruit.ch\/en\/wp-json\/wp\/v2\/product\/371266"}],"collection":[{"href":"https:\/\/dev.tendancefruit.ch\/en\/wp-json\/wp\/v2\/product"}],"about":[{"href":"https:\/\/dev.tendancefruit.ch\/en\/wp-json\/wp\/v2\/types\/product"}],"wp:featuredmedia":[{"embeddable":true,"href":"https:\/\/dev.tendancefruit.ch\/en\/wp-json\/wp\/v2\/media\/370221"}],"wp:attachment":[{"href":"https:\/\/dev.tendancefruit.ch\/en\/wp-json\/wp\/v2\/media?parent=371266"}],"wp:term":[{"taxonomy":"product_cat","embeddable":true,"href":"https:\/\/dev.tendancefruit.ch\/en\/wp-json\/wp\/v2\/product_cat?post=371266"},{"taxonomy":"product_tag","embeddable":true,"href":"https:\/\/dev.tendancefruit.ch\/en\/wp-json\/wp\/v2\/product_tag?post=371266"}],"curies":[{"name":"wp","href":"https:\/\/api.w.org\/{rel}","templated":true}]}}